{"id":481,"date":"2021-01-18T15:05:24","date_gmt":"2021-01-18T15:05:24","guid":{"rendered":"https:\/\/www.boxrenting.pt\/novo\/?page_id=481"},"modified":"2025-11-17T11:10:36","modified_gmt":"2025-11-17T11:10:36","slug":"termos-e-condicoes-gerais","status":"publish","type":"page","link":"https:\/\/www.boxrenting.pt\/?page_id=481","title":{"rendered":"Termos e condi\u00e7\u00f5es gerais"},"content":{"rendered":"<p>[et_pb_section fb_built=&#8221;1&#8243; custom_padding_last_edited=&#8221;on|phone&#8221; admin_label=&#8221;Header&#8221; _builder_version=&#8221;4.16&#8243; use_background_color_gradient=&#8221;on&#8221; background_color_gradient_stops=&#8221;rgba(0,0,0,0.5) 0%|rgba(0,0,0,0.5) 100%&#8221; background_color_gradient_overlays_image=&#8221;on&#8221; background_color_gradient_start=&#8221;rgba(0,0,0,0.5)&#8221; background_color_gradient_end=&#8221;rgba(0,0,0,0.5)&#8221; background_image=&#8221;https:\/\/www.boxrenting.pt\/novo\/wp-content\/uploads\/2021\/01\/renovation-63.jpg&#8221; custom_padding=&#8221;||220px||false|false&#8221; custom_padding_tablet=&#8221;||220px||false|false&#8221; custom_padding_phone=&#8221;||200px||false|false&#8221; locked=&#8221;off&#8221; global_colors_info=&#8221;{}&#8221;][et_pb_row _builder_version=&#8221;4.16&#8243; global_colors_info=&#8221;{}&#8221;][et_pb_column type=&#8221;4_4&#8243; _builder_version=&#8221;4.16&#8243; global_colors_info=&#8221;{}&#8221;][et_pb_text _builder_version=&#8221;4.16&#8243; header_font=&#8221;Kanit|500|||||||&#8221; header_font_size=&#8221;4vw&#8221; header_line_height=&#8221;1.1em&#8221; text_orientation=&#8221;center&#8221; background_layout=&#8221;dark&#8221; max_width=&#8221;795px&#8221; module_alignment=&#8221;center&#8221; header_font_size_tablet=&#8221;42px&#8221; header_font_size_phone=&#8221;36px&#8221; header_font_size_last_edited=&#8221;on|desktop&#8221; global_colors_info=&#8221;{}&#8221;]<\/p>\n<h1>Termos<\/h1>\n<p>[\/et_pb_text][\/et_pb_column][\/et_pb_row][\/et_pb_section][et_pb_section fb_built=&#8221;1&#8243; admin_label=&#8221;section&#8221; _builder_version=&#8221;4.16&#8243; global_colors_info=&#8221;{}&#8221;][et_pb_row admin_label=&#8221;row&#8221; _builder_version=&#8221;4.16&#8243; background_size=&#8221;initial&#8221; background_position=&#8221;top_left&#8221; background_repeat=&#8221;repeat&#8221; global_colors_info=&#8221;{}&#8221;][et_pb_column type=&#8221;4_4&#8243; _builder_version=&#8221;4.16&#8243; custom_padding=&#8221;|||&#8221; global_colors_info=&#8221;{}&#8221; custom_padding__hover=&#8221;|||&#8221;][et_pb_text _builder_version=&#8221;4.16&#8243; _module_preset=&#8221;default&#8221; global_colors_info=&#8221;{}&#8221;]<\/p>\n<h1><strong>Termos e Condi\u00e7\u00f5es Gerais<\/strong><\/h1>\n<ul>\n<li><strong>Dura\u00e7\u00e3o m\u00ednima do contrato: 2 meses<\/strong><\/li>\n<li><strong>Rescis\u00e3o do contrato com 30 dias de anteced\u00eancia<\/strong><\/li>\n<li><strong>Pagamento da renda do primeiro m\u00eas de ocupa\u00e7\u00e3o e do m\u00eas de cau\u00e7\u00e3o<\/strong><\/li>\n<li><strong>Vigil\u00e2ncia 24h pelo sistema CCTV<\/strong><\/li>\n<li><strong>Seguro de recheio Multirisco e alarme anti-intrus\u00e3o individual opcional<\/strong><\/li>\n<li><strong>Proibi\u00e7\u00e3o de armazenamento de mat\u00e9rias perigosas e bens sujeitos a decomposi\u00e7\u00e3o natural<\/strong><\/li>\n<li><strong>Mais informa\u00e7\u00f5es dispon\u00edveis no contrato de arrendamento<\/strong><\/li>\n<\/ul>\n<p>[\/et_pb_text][et_pb_text _builder_version=&#8221;4.19.4&#8243; _module_preset=&#8221;default&#8221; global_colors_info=&#8221;{}&#8221;]<\/p>\n<h1><strong>Termos e Condi\u00e7\u00f5es de Utiliza\u00e7\u00e3o e de Venda<\/strong><\/h1>\n<p><strong><\/strong><\/p>\n<p style=\"text-align: justify;\">A Nutragest Lda. est\u00e1 comprometida em manter os n\u00edveis de seguran\u00e7a e confian\u00e7a para com os seus utilizadores. Os presentes Termos e Condi\u00e7\u00f5es aplicam-se a todos os utilizadores e navegadores da loja online.<br \/>\nAgradecemos que leia atentamente os Termos e Condi\u00e7\u00f5es antes de utilizar o site da Boxrenting.<br \/>\nAo aceder \u00e0 nossa loja online, o utilizador concorda com os presentes Termos e Condi\u00e7\u00f5es, declarando que \u00e9 maior de idade no seu pa\u00eds e\/ou que d\u00e1 \u00e0 Nutragest, Lda. o consentimento para autorizar os seus dependentes menores a utilizar o site.<br \/>\nA Nutragest, Lda. reserva o direito de atualizar, alterar ou substituir qualquer parte dos presentes Termos e Condi\u00e7\u00f5es, sendo da responsabilidade do utilizador a consulta desta p\u00e1gina com regularidade, por forma a verificar quaisquer altera\u00e7\u00f5es.<br \/>\nAo efetuar uma sererva atrav\u00e9s da nossa loja online est\u00e1 a aceitar os presentes Termos e Condi\u00e7\u00f5es. Por favor leia com aten\u00e7\u00e3o os Termos e Condi\u00e7\u00f5es antes de efetuar a sua reserva. Caso n\u00e3o esteja de acordo com os presentes termos, n\u00e3o poder\u00e1 efetuar qualquer tipo de reserva a partir da loja online da Nutragest, Lda.<\/p>\n<p style=\"text-align: justify;\"><strong>TERMOS E CONDI\u00c7\u00d5ES DA UTILIZA\u00c7\u00c3O<\/strong><br \/>\nO uso da loja online e dos conte\u00fados publicados n\u00e3o devem ser ofensivos ou contr\u00e1rios \u00e0 lei. A Nutragest, Lda. informa que o utilizador n\u00e3o pode usar os seus produtos para qualquer finalidade ilegal ou n\u00e3o autorizada. Durante o uso do site, o utilizador n\u00e3o pode violar qualquer lei da sua jurisdi\u00e7\u00e3o, nem transmitir quaisquer v\u00edrus que possa prejudicar a integridade da p\u00e1gina eletr\u00f3nica.<\/p>\n<p style=\"text-align: justify;\"><strong>PROTE\u00c7\u00c3O DE INFORMA\u00c7\u00c3O<\/strong><br \/>\nA nossa Pol\u00edtica de Privacidade aplica-se a quaisquer dados e informa\u00e7\u00f5es pessoais submetidas pelo utilizador atrav\u00e9s da loja online. Consulte a Pol\u00edtica de Privacidade da Nutragest, Lda. aqui.<\/p>\n<p style=\"text-align: justify;\"><strong>COMENT\u00c1RIOS DO UTILIZADOR<\/strong><br \/>\nO utilizador concorda que o conte\u00fado submetido nos coment\u00e1rios n\u00e3o \u00e9 confidencial, concedendo \u00e0 Nutragest, Lda. permiss\u00e3o para, sem restri\u00e7\u00f5es, copiar, divulgar, reproduzir, transmitir, publicar, traduzir e adaptar o conte\u00fado fornecido. A Nutragest Lda. pode utilizar o conte\u00fado para promo\u00e7\u00e3o, publicidade e outros fins, n\u00e3o tendo obriga\u00e7\u00e3o de manter a confidencialidade de qualquer coment\u00e1rio ou pagar indemniza\u00e7\u00e3o ou retribui\u00e7\u00e3o por tal uso.<br \/>\nA Nutragest, Lda. tem o direito, mas n\u00e3o a obriga\u00e7\u00e3o, de controlar, editar ou remover conte\u00fados submetidos que considere ilegais, ofensivos, amea\u00e7adores, caluniosos, difamat\u00f3rios, pornogr\u00e1ficos, obscenos ou censur\u00e1veis. O utilizador n\u00e3o pode colocar qualquer frase difamat\u00f3ria que promova o \u00f3dio ou incite \u00e0 viol\u00eancia ou desordem ou coment\u00e1rio que viole quaisquer direitos de terceiros (incluindo direitos de autor, de marcas registadas, de privacidade, pessoais ou qualquer outro direito pessoal ou de propriedade).<\/p>\n<p style=\"text-align: justify;\"><strong>RESPONSABILIDADE<\/strong><br \/>\nA Nutragest, Lda. faz um esfor\u00e7o para garantir a precis\u00e3o de informa\u00e7\u00f5es na loja online boxrenting.pt. Excecionalmente, poder\u00e3o existir informa\u00e7\u00f5es no site que contenham erros tipogr\u00e1ficos, incorre\u00e7\u00f5es ou omiss\u00f5es na descri\u00e7\u00e3o de produtos, pre\u00e7os, promo\u00e7\u00f5es, ofertas e disponibilidade. A qualquer momento e sem aviso pr\u00e9vio, reservamo-nos o direito de alterar ou atualizar as informa\u00e7\u00f5es, n\u00e3o assumindo qualquer obriga\u00e7\u00e3o de atualizar, corrigir ou esclarecer informa\u00e7\u00f5es presentes na loja online, exceto na medida do exigido por lei.<\/p>\n<p style=\"text-align: justify;\"><strong>ALTERA\u00c7\u00d5ES<\/strong><br \/>\nA Nutragest, Lda. reserva o direito de, a qualquer momento, modificar ou descontinuar produtos e alterar os pre\u00e7os dos mesmos, sem aviso pr\u00e9vio. N\u00e3o somos respons\u00e1veis perante si ou qualquer terceiro por qualquer modifica\u00e7\u00e3o, altera\u00e7\u00e3o de pre\u00e7o ou suspens\u00e3o no nosso servi\u00e7o.<\/p>\n<p style=\"text-align: justify;\"><strong>CONTACTOS<\/strong><br \/>\nEste site pertence \u00e0 Nutragest, Lda., sendo gerido pela mesma \u2013 Nutragest Lda (Zona Industrial de Penela, Lote 1, 3230-292 Penela). Se tiver qualquer quest\u00e3o ou coment\u00e1rio sobre o nosso site, n\u00e3o hesite em contactar-nos via e-mail para o endere\u00e7o eletr\u00f3nico coimbra@boxrenting ou via telefone atrav\u00e9s do n\u00famero 239 042 000 <span style=\"font-size: 10px;\"> (Chamada para a rede fixa nacional)<\/span> (segunda a sexta-feira, 9:00\/13: 00 e 14:00\/18:00, exceto feriados).<\/p>\n<p style=\"text-align: justify;\"><strong>TERMOS E CONDI\u00c7\u00d5ES DE VENDA<\/strong><\/p>\n<p style=\"text-align: justify;\"><strong>ENCOMENDA \/ RESERVA<\/strong><br \/>\nAp\u00f3s selecionar o Lugar pretendido, a reserva s\u00f3 \u00e9 submetida mediante o pagamento do montante equivalente a duas mensalidades, correspondendo ao m\u00eas a que diz respeito e ao m\u00eas de cau\u00e7\u00e3o.<br \/>\nN\u00e3o obstante, a reserva que efetuar na loja online n\u00e3o constitui um contrato vinculativo, at\u00e9 \u00e0 confirma\u00e7\u00e3o da efetiva disponibilidade da box ou do lugar e \u00e0 assinatura do respetivo contrato.<br \/>\nAo efetuar a reserva est\u00e1 a manifestar a inten\u00e7\u00e3o de arrendar o espa\u00e7o e a bloque\u00e1-lo a futuros interessados no per\u00edodo que selecionar.<br \/>\nA assinatura do contrato declara, para os devidos efeitos, que est\u00e1 a prestar o seu consentimento por escrito relativamente \u00e0 sua reserva.<br \/>\nAo ser entregue, o Lugar passa a ser da responsabilidade de quem o recebeu.<br \/>\nA NutragesT, Lda. reserva-se o direito de cancelar reservas nas seguintes situa\u00e7\u00f5es: imprecis\u00e3o das informa\u00e7\u00f5es submetidas, suspeita de fraude ou situa\u00e7\u00f5es de manifesta incapacidade obten\u00e7\u00e3o de cr\u00e9dito (inclusive ap\u00f3s ter submetido a sua encomenda).<br \/>\nCaso ocorra alguma situa\u00e7\u00e3o imprevista de indisponibilidade do espa\u00e7o reservado ap\u00f3s a reserva, entraremos em contacto consigo o mais rapidamente poss\u00edvel.<\/p>\n<p style=\"text-align: justify;\"><strong>\u00c1REAS<\/strong><br \/>\nAs \u00e1reas dos lugares est\u00e3o apresentadas por arredondamento \u00e0 unidade mais pr\u00f3xima.<\/p>\n<p style=\"text-align: justify;\"><strong>PRE\u00c7O<\/strong><br \/>\nTodos os pre\u00e7os dos produtos dispon\u00edveis no nosso site incluem IVA \u00e0 taxa legal em vigor. Os pre\u00e7os est\u00e3o indicados em Euros.<\/p>\n<p style=\"text-align: justify;\"><strong>M\u00c9TODOS DE PAGAMENTO<\/strong><br \/>\nOs pagamentos podem ser efetuados atrav\u00e9s dos seguintes m\u00e9todos: MB Way, Ref. Multibanco, Payshop, Transfer\u00eancia Banc\u00e1ria ou Numer\u00e1rio.<br \/>\nPoder\u00e1 escolher a op\u00e7\u00e3o mais conveniente para si, sem qualquer altera\u00e7\u00e3o de pre\u00e7o.<br \/>\nA sua reserva s\u00f3 ser\u00e1 processada ap\u00f3s boa cobran\u00e7a.<\/p>\n<p style=\"text-align: justify;\"><strong>ENTREGA<\/strong><br \/>\nAp\u00f3s o pagamento das duas rendas (m\u00eas a que diz respeito e m\u00eas de cau\u00e7\u00e3o) e ap\u00f3s a assinatura do contrato o cliente receber\u00e1 o acesso telef\u00f3nico ao parque e a chave da box, se for o caso. O arrendamento produz efeito neste momento.<\/p>\n<p style=\"text-align: justify;\"><strong>RECLAMA\u00c7\u00d5ES E DEVOLU\u00c7\u00d5ES<\/strong><br \/>\nCompete ao cliente verificar o estado do Lugar no ato da entrega, passando este a ser da responsabilidade de quem o recebe.<\/p>\n<p style=\"text-align: justify;\"><span style=\"font-size: 14px;\"><strong>TERMOS E CONDI\u00c7\u00d5ES DO ARRENDAMENTO<\/strong><\/span><\/p>\n<p style=\"text-align: justify;\"><strong>OBJETO<\/strong><br \/>\nA Nutragest Lda \u00e9 detentora e cede, mediante arrendamento, os Lugares inclu\u00eddos no im\u00f3vel sito em Quinta da V\u00e1rzea, lote 15, Uni\u00e3o das Freguesias de Santa Clara e Castelo Viegas, concelho de Coimbra, descrito na 2\u00aa Conservat\u00f3ria do Registo Predial de Coimbra sob a descri\u00e7\u00e3o n\u00famero 2103\/20070201-A, inscrito na respetiva matriz predial urbana sob o artigo 3921\u00ba, frac\u00e7\u00e3o A (antigo artigo da extinta freguesia de Santa Clara N\u00ba 3848\u00ba) e com o alvar\u00e1 de utiliza\u00e7\u00e3o n\u00ba 325\/2007 emitido pela C\u00e2mara Municipal de Coimbra em 11.06.2007<\/p>\n<p style=\"text-align: justify;\"><strong>DURA\u00c7\u00c3O<\/strong><br \/>\nO arrendamento produz efeitos a partir do dia da entrega da chave, se for o caso, ou do acesso ao parque e ap\u00f3s assinatura do contrato de arrendamento, o qual ser\u00e1 celebrado pelo prazo m\u00ednimo de 2 meses, renovando-se automaticamente no seu termo, por iguais per\u00edodos, salvo se qualquer um dos Outorgantes se opuser \u00e0 respetiva renova\u00e7\u00e3o de acordo com os termos previstos na lei.<br \/>\nFindo o prazo estabelecido no par\u00e1grafo anterior, o arrendat\u00e1rio obriga-se a entregar \u00e0 Nutragest Lda o Locado em bom estado de conserva\u00e7\u00e3o, ressalvadas as deteriora\u00e7\u00f5es inerentes a um uso normal e prudente, e em condi\u00e7\u00f5es de o mesmo poder continuar a ser utilizado para o fim para que foi arrendado.<\/p>\n<p style=\"text-align: justify;\"><strong>RENDA<\/strong><br \/>\nAs rendas ser\u00e3o pagas mensalmente, at\u00e9 ao primeiro dia \u00fatil do m\u00eas imediatamente anterior \u00e0quele a que disser respeito.<br \/>\nO pagamento da renda pode ser efetuado por Transfer\u00eancia Banc\u00e1ria, Refer\u00eancia Multibanco, MBWAY, Payshop ou Numer\u00e1rio.<br \/>\nNa data da celebra\u00e7\u00e3o do contrato, o arrendat\u00e1rio proceder\u00e1 ao pagamento do montante correspondente \u00e0 renda do m\u00eas a que disser respeito e ao m\u00eas de cau\u00e7\u00e3o.<br \/>\nAp\u00f3s a assinatura do contrato, o arrendat\u00e1rio aceita o Locado no estado em que se encontra e reconhece expressamente que este n\u00e3o enferma de v\u00edcio que o desvalorize ou impe\u00e7a a realiza\u00e7\u00e3o do fim a que se destina.<\/p>\n<p style=\"text-align: justify;\"><strong>LICEN\u00c7AS OU AUTORIZA\u00c7\u00d5ES NECESS\u00c1RIAS<\/strong><br \/>\nCompete ao arrendat\u00e1rio, se for caso disso, requerer, custear e obter todas as licen\u00e7as e autoriza\u00e7\u00f5es necess\u00e1rias para o cumprimento das obriga\u00e7\u00f5es assumidas no contrato de arrendamento, observando os requisitos indispens\u00e1veis \u00e0 sua obten\u00e7\u00e3o.<\/p>\n<p style=\"text-align: justify;\"><strong>OBRAS DE ADEQUA\u00c7\u00c3O<\/strong><br \/>\nO arrendat\u00e1rio n\u00e3o poder\u00e1 proceder a quaisquer modifica\u00e7\u00f5es do locado sem autoriza\u00e7\u00e3o expressa da Nutragest Lda e as que fizer n\u00e3o lhe conferem direito a qualquer compensa\u00e7\u00e3o ou indemniza\u00e7\u00e3o.<\/p>\n<p style=\"text-align: justify;\"><strong>CONSERVA\u00c7\u00c3O E MANUTEN\u00c7\u00c3O<\/strong><br \/>\nS\u00e3o da responsabilidade do arrendat\u00e1rio todos os trabalhos de manuten\u00e7\u00e3o, repara\u00e7\u00e3o e conserva\u00e7\u00e3o do Locado.<\/p>\n<p style=\"text-align: justify;\"><strong>OBRIGA\u00c7\u00d5ES DO ARRENDAT\u00c1RIO<\/strong><br \/>\nO arrendat\u00e1rio fica obrigado a n\u00e3o dar ao Locado outra utiliza\u00e7\u00e3o que n\u00e3o a do fim do contrato de arrendamento, n\u00e3o fazer do Locado arrendado uma utiliza\u00e7\u00e3o imprudente, il\u00edcita ou ilegal, n\u00e3o proporcionar a outrem o gozo total ou parcial do Locado por meio de cess\u00e3o onerosa ou gratuita da sua posi\u00e7\u00e3o jur\u00eddica, subarrendamento ou comodato (exceto se a Nutragest Lda autorizar ap\u00f3s comunica\u00e7\u00e3o pr\u00e9via de quinze dias), cumprir todas as obriga\u00e7\u00f5es decorrentes de normas de higiene, seguran\u00e7a, salubridade e ambientais, sendo vedado ao Primeiro Outorgante o dep\u00f3sito, armazenamento ou guarda de l\u00edquidos ou subst\u00e2ncias inflam\u00e1veis, explosivos, outras mat\u00e9rias perigosas, bem como, de animais e de materiais sujeitos a decomposi\u00e7\u00e3o natural.<\/p>\n<p style=\"text-align: justify;\"><strong>REVOGA\u00c7\u00c3O, RESOLU\u00c7\u00c3O E OPOSI\u00c7\u00c3O \u00c0 RENOVA\u00c7\u00c3O<\/strong><br \/>\nAs partes podem, a qualquer momento, acordar na revoga\u00e7\u00e3o do contrato, definindo os seus efeitos.<br \/>\nSem preju\u00edzo do direito de resolu\u00e7\u00e3o previsto lei, a Nutragest Lda pode resolver o contrato, designadamente nos seguintes casos:<\/p>\n<p style=\"text-align: justify;\"><strong>A)<\/strong> Declara\u00e7\u00e3o de insolv\u00eancia, estado de liquida\u00e7\u00e3o, dissolu\u00e7\u00e3o, sujei\u00e7\u00e3o a qualquer medida judicial de recupera\u00e7\u00e3o de empresa ou inabilita\u00e7\u00e3o judicial ou administrativa do exerc\u00edcio da atividade social relativamente ao arrendat\u00e1rio;<\/p>\n<p style=\"text-align: justify;\"><strong>B)<\/strong> Condena\u00e7\u00e3o do arrendat\u00e1rio, por senten\u00e7a transitada em julgado, por qualquer delito que afete de forma grave a sua honorabilidade profissional;<\/p>\n<p style=\"text-align: justify;\"><strong>C)<\/strong> Falta de pagamento pelo arrendat\u00e1rio de quaisquer impostos, taxas ou contribui\u00e7\u00f5es;<\/p>\n<p style=\"text-align: justify;\"><strong>D)<\/strong> Presta\u00e7\u00e3o pelo arrendat\u00e1rio de informa\u00e7\u00f5es falsas \u00e0 Nutragest Lda;<\/p>\n<p style=\"text-align: justify;\"><strong>E)<\/strong> Falta de pagamento das rendas conforme o disposto nos artigos 1041.\u00ba e 1042.\u00ba do C\u00f3digo Civil.<\/p>\n<p style=\"text-align: justify;\"><strong>F)<\/strong> Oposi\u00e7\u00e3o repetida ao exerc\u00edcio do direito de acesso e fiscaliza\u00e7\u00e3o.<\/p>\n<p style=\"text-align: justify;\">A resolu\u00e7\u00e3o, nestes casos, constitui o Primeiro Outorgante no direito a ser indemnizado nos termos gerais de direito.<br \/>\nAs partes podem impedir a renova\u00e7\u00e3o do contrato mediante comunica\u00e7\u00e3o escrita \u00e0 outra envolvida, com uma anteced\u00eancia m\u00ednima de 30 dias no caso da Nutragest Lda e de 15 dias no caso do arrendat\u00e1rio, em rela\u00e7\u00e3o ao termo do contrato ou da sua renova\u00e7\u00e3o.<br \/>\nEm caso de cessa\u00e7\u00e3o de efeitos do contrato de arrendamento por qualquer das formas legais, o Segundo Outorgante compromete-se a deixar de imediato e livre de pessoas e bens, o Locado.<br \/>\nNo caso de incumprimento do disposto no par\u00e1grafo anterior \u00e9 facultado \u00e0 Nutragest Lda o direito de tomar posse imediata e proceder \u00e0 limpeza do locado, retirando do mesmo quaisquer bens, objectos, materiais ou subst\u00e2ncias que no mesmo se encontrem, correndo por conta da arrendat\u00e1ria todas as despesas necess\u00e1rias para o efeito.<br \/>\nOs bens, objectos, materiais ou subst\u00e2ncias retirados nos termos do n\u00famero anterior, ser\u00e3o removidos para local a escolher pela Nutragest Lda, onde permanecer\u00e3o durante trinta dias findos os quais ser\u00e3o leiloados. correndo por conta da arrendat\u00e1ria todas as despesas daqui decorrentes.<\/p>\n<p>[\/et_pb_text][\/et_pb_column][\/et_pb_row][\/et_pb_section]<\/p>\n","protected":false},"excerpt":{"rendered":"<p>TermosTermos e Condi\u00e7\u00f5es Gerais Dura\u00e7\u00e3o m\u00ednima do contrato: 2 meses Rescis\u00e3o do contrato com 30 dias de anteced\u00eancia Pagamento da renda do primeiro m\u00eas de ocupa\u00e7\u00e3o e do m\u00eas de cau\u00e7\u00e3o Vigil\u00e2ncia 24h pelo sistema CCTV Seguro de recheio Multirisco e alarme anti-intrus\u00e3o individual opcional Proibi\u00e7\u00e3o de armazenamento de mat\u00e9rias perigosas e bens sujeitos a [&hellip;]<\/p>\n","protected":false},"author":2,"featured_media":0,"parent":0,"menu_order":0,"comment_status":"closed","ping_status":"closed","template":"","meta":{"_et_pb_use_builder":"on","_et_pb_old_content":"","_et_gb_content_width":"","footnotes":""},"class_list":["post-481","page","type-page","status-publish","hentry"],"_links":{"self":[{"href":"https:\/\/www.boxrenting.pt\/index.php?rest_route=\/wp\/v2\/pages\/481","targetHints":{"allow":["GET"]}}],"collection":[{"href":"https:\/\/www.boxrenting.pt\/index.php?rest_route=\/wp\/v2\/pages"}],"about":[{"href":"https:\/\/www.boxrenting.pt\/index.php?rest_route=\/wp\/v2\/types\/page"}],"author":[{"embeddable":true,"href":"https:\/\/www.boxrenting.pt\/index.php?rest_route=\/wp\/v2\/users\/2"}],"replies":[{"embeddable":true,"href":"https:\/\/www.boxrenting.pt\/index.php?rest_route=%2Fwp%2Fv2%2Fcomments&post=481"}],"version-history":[{"count":8,"href":"https:\/\/www.boxrenting.pt\/index.php?rest_route=\/wp\/v2\/pages\/481\/revisions"}],"predecessor-version":[{"id":1283,"href":"https:\/\/www.boxrenting.pt\/index.php?rest_route=\/wp\/v2\/pages\/481\/revisions\/1283"}],"wp:attachment":[{"href":"https:\/\/www.boxrenting.pt\/index.php?rest_route=%2Fwp%2Fv2%2Fmedia&parent=481"}],"curies":[{"name":"wp","href":"https:\/\/api.w.org\/{rel}","templated":true}]}}