{"id":73,"date":"2017-02-16T11:05:21","date_gmt":"2017-02-16T11:05:21","guid":{"rendered":"https:\/\/demo.pedroferraz.pt\/empresa\/?page_id=73"},"modified":"2025-11-17T11:21:55","modified_gmt":"2025-11-17T11:21:55","slug":"empresa","status":"publish","type":"page","link":"https:\/\/www.boxrenting.pt\/?page_id=73","title":{"rendered":"Sobre N\u00f3s"},"content":{"rendered":"<p>[et_pb_section fb_built=&#8221;1&#8243; custom_padding_last_edited=&#8221;on|phone&#8221; admin_label=&#8221;Header&#8221; _builder_version=&#8221;4.16&#8243; background_image=&#8221;https:\/\/www.boxrenting.pt\/novo\/wp-content\/uploads\/2021\/03\/boxrenting_16.jpg&#8221; custom_padding=&#8221;||499px||false|false&#8221; custom_padding_tablet=&#8221;||220px||false|false&#8221; custom_padding_phone=&#8221;||200px||false|false&#8221; global_colors_info=&#8221;{}&#8221;][\/et_pb_section][et_pb_section fb_built=&#8221;1&#8243; admin_label=&#8221;About&#8221; _builder_version=&#8221;4.16&#8243; custom_padding=&#8221;||||false|false&#8221; global_colors_info=&#8221;{}&#8221;][et_pb_row _builder_version=&#8221;4.16&#8243; _module_preset=&#8221;default&#8221; global_colors_info=&#8221;{}&#8221;][et_pb_column type=&#8221;4_4&#8243; _builder_version=&#8221;4.16&#8243; _module_preset=&#8221;default&#8221; global_colors_info=&#8221;{}&#8221;][et_pb_text _builder_version=&#8221;4.21.0&#8243; _module_preset=&#8221;default&#8221; header_font=&#8221;Kanit|700|||||||&#8221; header_font_size=&#8221;48px&#8221; global_colors_info=&#8221;{}&#8221;]<\/p>\n<h1><strong>Empresa<\/strong><\/h1>\n<p style=\"text-align: justify;\">A Nutragest nasceu em 1998 e conta com uma vasta experi\u00eancia em Servi\u00e7os de contabilidade e consultadoria, Gest\u00e3o Imobili\u00e1ria e Arrendamento de espa\u00e7os.<br \/>Faz parte de um grupo de empresas presentes nas \u00e1reas de com\u00e9rcio alimentar, por grosso e a retalho, postos de combust\u00edveis e Alojamento Local.<br \/>O In &amp; Out Box renting \u00e9 a mais recente aposta do grupo e traduz-se no arrendamento e aluguer de espa\u00e7os ao m2.<\/p>\n<p>[\/et_pb_text][\/et_pb_column][\/et_pb_row][et_pb_row _builder_version=&#8221;4.16&#8243; _module_preset=&#8221;default&#8221; global_colors_info=&#8221;{}&#8221;][et_pb_column type=&#8221;4_4&#8243; _builder_version=&#8221;4.16&#8243; _module_preset=&#8221;default&#8221; global_colors_info=&#8221;{}&#8221;][et_pb_code _builder_version=&#8221;4.16&#8243; _module_preset=&#8221;default&#8221; global_colors_info=&#8221;{}&#8221;]<iframe loading=\"lazy\" width=\"560\" height=\"315\" src=\"https:\/\/www.youtube.com\/embed\/7fJ4EJSQNYo\" title=\"YouTube video player\" frameborder=\"0\" allow=\"accelerometer; autoplay; clipboard-write; encrypted-media; gyroscope; picture-in-picture\" allowfullscreen><\/iframe>[\/et_pb_code][\/et_pb_column][\/et_pb_row][\/et_pb_section][et_pb_section fb_built=&#8221;1&#8243; specialty=&#8221;on&#8221; padding_top_1=&#8221;0px&#8221; padding_top_2=&#8221;8%&#8221; padding_top_bottom_link_1=&#8221;false&#8221; padding_top_bottom_link_2=&#8221;false&#8221; padding_left_right_link_1=&#8221;false&#8221; padding_left_right_link_2=&#8221;false&#8221; admin_label=&#8221;Footer&#8221; _builder_version=&#8221;4.16&#8243; background_color=&#8221;#000000&#8243; background_enable_image=&#8221;off&#8221; custom_padding=&#8221;0px|||||&#8221; locked=&#8221;off&#8221; global_colors_info=&#8221;{}&#8221;][et_pb_column type=&#8221;1_2&#8243; _builder_version=&#8221;4.16&#8243; custom_padding=&#8221;|||&#8221; global_colors_info=&#8221;{}&#8221; custom_padding__hover=&#8221;|||&#8221;][et_pb_image src=&#8221;https:\/\/www.boxrenting.pt\/novo\/wp-content\/uploads\/2025\/11\/Mapa-footer.jpg&#8221; url=&#8221;https:\/\/maps.app.goo.gl\/1moxzMVNXVGntVrFA&#8221; url_new_window=&#8221;on&#8221; _builder_version=&#8221;4.27.4&#8243; _module_preset=&#8221;default&#8221; custom_padding=&#8221;133px||||false|false&#8221; custom_padding_tablet=&#8221;133px||||false|false&#8221; custom_padding_phone=&#8221;133px||||false|false&#8221; custom_padding_last_edited=&#8221;on|desktop&#8221; global_colors_info=&#8221;{}&#8221;][\/et_pb_image][\/et_pb_column][et_pb_column type=&#8221;1_2&#8243; specialty_columns=&#8221;2&#8243; _builder_version=&#8221;4.16&#8243; custom_padding=&#8221;|||&#8221; global_colors_info=&#8221;{}&#8221; custom_padding__hover=&#8221;|||&#8221;][et_pb_row_inner _builder_version=&#8221;4.16&#8243; custom_margin=&#8221;||||false|false&#8221; global_colors_info=&#8221;{}&#8221;][et_pb_column_inner saved_specialty_column_type=&#8221;1_2&#8243; _builder_version=&#8221;4.16&#8243; global_colors_info=&#8221;{}&#8221;][et_pb_text _builder_version=&#8221;4.16&#8243; header_2_font=&#8221;Kanit|700|||||||&#8221; header_2_font_size=&#8221;48px&#8221; header_2_line_height=&#8221;1.3em&#8221; background_layout=&#8221;dark&#8221; header_2_font_size_tablet=&#8221;36px&#8221; header_2_font_size_phone=&#8221;24px&#8221; header_2_font_size_last_edited=&#8221;on|phone&#8221; locked=&#8221;off&#8221; global_colors_info=&#8221;{}&#8221;]<\/p>\n<h2>Contactos<\/h2>\n<p>[\/et_pb_text][\/et_pb_column_inner][\/et_pb_row_inner][et_pb_row_inner column_structure=&#8221;1_2,1_2&#8243; _builder_version=&#8221;4.16&#8243; global_colors_info=&#8221;{}&#8221;][et_pb_column_inner type=&#8221;1_2&#8243; saved_specialty_column_type=&#8221;1_2&#8243; _builder_version=&#8221;4.16&#8243; global_colors_info=&#8221;{}&#8221;][et_pb_blurb title=&#8221;Telf&#8221; use_icon=&#8221;on&#8221; font_icon=&#8221;&#xe090;||divi||400&#8243; icon_placement=&#8221;left&#8221; image_icon_width=&#8221;24px&#8221; _builder_version=&#8221;4.19.4&#8243; header_font=&#8221;Kanit|700|||||||&#8221; header_font_size=&#8221;20px&#8221; header_line_height=&#8221;1.3em&#8221; body_line_height=&#8221;1.8em&#8221; background_layout=&#8221;dark&#8221; animation=&#8221;off&#8221; header_font_size_tablet=&#8221;18px&#8221; header_font_size_phone=&#8221;&#8221; header_font_size_last_edited=&#8221;on|tablet&#8221; icon_font_size=&#8221;24px&#8221; global_colors_info=&#8221;{}&#8221;](+351) 239 042 000<br \/>\n<span style=\"font-size: 10px;\"> (Chamada para a rede fixa nacional)<\/span>[\/et_pb_blurb][et_pb_blurb title=&#8221;Email&#8221; use_icon=&#8221;on&#8221; font_icon=&#8221;&#xe076;||divi||400&#8243; icon_placement=&#8221;left&#8221; image_icon_width=&#8221;24px&#8221; _builder_version=&#8221;4.16&#8243; header_font=&#8221;Kanit|700|||||||&#8221; header_font_size=&#8221;20px&#8221; header_line_height=&#8221;1.3em&#8221; body_line_height=&#8221;1.8em&#8221; body_link_text_color=&#8221;#ffffff&#8221; background_layout=&#8221;dark&#8221; animation=&#8221;off&#8221; header_font_size_tablet=&#8221;18px&#8221; header_font_size_phone=&#8221;&#8221; header_font_size_last_edited=&#8221;on|tablet&#8221; icon_font_size=&#8221;24px&#8221; locked=&#8221;off&#8221; global_colors_info=&#8221;{}&#8221;]<\/p>\n<p>coimbra@boxrenting.pt<\/p>\n<p>[\/et_pb_blurb][et_pb_blurb title=&#8221;Informa\u00e7\u00f5es&#8221; url=&#8221;https:\/\/www.livroreclamacoes.pt\/&#8221; url_new_window=&#8221;on&#8221; use_icon=&#8221;on&#8221; font_icon=&#8221;&#xe058;||divi||400&#8243; icon_placement=&#8221;left&#8221; image_icon_width=&#8221;24px&#8221; _builder_version=&#8221;4.16&#8243; header_font=&#8221;Kanit|700|||||||&#8221; header_font_size=&#8221;20px&#8221; header_line_height=&#8221;1.3em&#8221; body_line_height=&#8221;1.8em&#8221; background_layout=&#8221;dark&#8221; animation=&#8221;off&#8221; header_font_size_tablet=&#8221;18px&#8221; header_font_size_phone=&#8221;&#8221; header_font_size_last_edited=&#8221;on|tablet&#8221; icon_font_size=&#8221;24px&#8221; locked=&#8221;off&#8221; global_colors_info=&#8221;{}&#8221;]<\/p>\n<p><a href=\"https:\/\/www.boxrenting.pt\/novo\/?page_id=481\">Termos e condi\u00e7\u00f5es gerais<\/a><\/p>\n<p><a href=\"http:\/\/www.livroreclamacoes.pt\" target=\"_blank\" rel=\"noopener\"><img loading=\"lazy\" decoding=\"async\" src=\"https:\/\/www.boxrenting.pt\/novo\/wp-content\/uploads\/2021\/01\/i006570.png\" width=\"140\" height=\"58\" alt=\"\" class=\"wp-image-357 alignnone size-full\" \/><\/a><\/p>\n<p>[\/et_pb_blurb][\/et_pb_column_inner][et_pb_column_inner type=&#8221;1_2&#8243; saved_specialty_column_type=&#8221;1_2&#8243; _builder_version=&#8221;4.16&#8243; _module_preset=&#8221;default&#8221; global_colors_info=&#8221;{}&#8221;][et_pb_blurb title=&#8221;Morada&#8221; use_icon=&#8221;on&#8221; font_icon=&#8221;&#xe081;||divi||400&#8243; icon_placement=&#8221;left&#8221; image_icon_width=&#8221;24px&#8221; _builder_version=&#8221;4.21.0&#8243; header_font=&#8221;Kanit|700|||||||&#8221; header_font_size=&#8221;20px&#8221; header_line_height=&#8221;1.3em&#8221; body_line_height=&#8221;1.8em&#8221; background_layout=&#8221;dark&#8221; animation=&#8221;off&#8221; header_font_size_tablet=&#8221;18px&#8221; header_font_size_phone=&#8221;&#8221; header_font_size_last_edited=&#8221;on|tablet&#8221; icon_font_size=&#8221;24px&#8221; locked=&#8221;off&#8221; global_colors_info=&#8221;{}&#8221;]<a href=\"https:\/\/goo.gl\/maps\/N9Bx9j1QZqB3y7VB8\" target=\"_blank\" rel=\"noopener\">Rua Amorim Gir\u00e3o 15, 3040-092 Coimbra<\/a><br \/>\n<a href=\"https:\/\/goo.gl\/maps\/N9Bx9j1QZqB3y7VB8\" target=\"_blank\" rel=\"noopener\">Portugal<\/a>[\/et_pb_blurb][\/et_pb_column_inner][\/et_pb_row_inner][et_pb_row_inner _builder_version=&#8221;4.16&#8243; global_colors_info=&#8221;{}&#8221;][et_pb_column_inner saved_specialty_column_type=&#8221;1_2&#8243; _builder_version=&#8221;4.16&#8243; global_colors_info=&#8221;{}&#8221;][et_pb_button button_url=&#8221;https:\/\/www.boxrenting.pt\/novo\/?page_id=49&#8243; button_text=&#8221;Pe\u00e7a um or\u00e7amento&#8221; _builder_version=&#8221;4.16&#8243; custom_button=&#8221;on&#8221; button_text_size=&#8221;14px&#8221; button_text_color=&#8221;#000000&#8243; button_bg_color=&#8221;#fbba00&#8243; button_border_width=&#8221;0px&#8221; button_border_radius=&#8221;0px&#8221; button_letter_spacing=&#8221;1px&#8221; button_font=&#8221;|700||on|||||&#8221; button_icon=&#8221;&#x24;||divi||400&#8243; custom_margin=&#8221;||||false|false&#8221; custom_padding=&#8221;15px|40px|15px|40px|true|true&#8221; locked=&#8221;off&#8221; global_colors_info=&#8221;{}&#8221;][\/et_pb_button][\/et_pb_column_inner][\/et_pb_row_inner][\/et_pb_column][\/et_pb_section]<\/p>\n","protected":false},"excerpt":{"rendered":"<p>Empresa A Nutragest nasceu em 1998 e conta com uma vasta experi\u00eancia em Servi\u00e7os de contabilidade e consultadoria, Gest\u00e3o Imobili\u00e1ria e Arrendamento de espa\u00e7os.Faz parte de um grupo de empresas presentes nas \u00e1reas de com\u00e9rcio alimentar, por grosso e a retalho, postos de combust\u00edveis e Alojamento Local.O In &amp; Out Box renting \u00e9 a mais [&hellip;]<\/p>\n","protected":false},"author":1,"featured_media":0,"parent":0,"menu_order":0,"comment_status":"closed","ping_status":"closed","template":"","meta":{"_et_pb_use_builder":"on","_et_pb_old_content":"","_et_gb_content_width":"","footnotes":""},"class_list":["post-73","page","type-page","status-publish","hentry"],"_links":{"self":[{"href":"https:\/\/www.boxrenting.pt\/index.php?rest_route=\/wp\/v2\/pages\/73","targetHints":{"allow":["GET"]}}],"collection":[{"href":"https:\/\/www.boxrenting.pt\/index.php?rest_route=\/wp\/v2\/pages"}],"about":[{"href":"https:\/\/www.boxrenting.pt\/index.php?rest_route=\/wp\/v2\/types\/page"}],"author":[{"embeddable":true,"href":"https:\/\/www.boxrenting.pt\/index.php?rest_route=\/wp\/v2\/users\/1"}],"replies":[{"embeddable":true,"href":"https:\/\/www.boxrenting.pt\/index.php?rest_route=%2Fwp%2Fv2%2Fcomments&post=73"}],"version-history":[{"count":49,"href":"https:\/\/www.boxrenting.pt\/index.php?rest_route=\/wp\/v2\/pages\/73\/revisions"}],"predecessor-version":[{"id":1290,"href":"https:\/\/www.boxrenting.pt\/index.php?rest_route=\/wp\/v2\/pages\/73\/revisions\/1290"}],"wp:attachment":[{"href":"https:\/\/www.boxrenting.pt\/index.php?rest_route=%2Fwp%2Fv2%2Fmedia&parent=73"}],"curies":[{"name":"wp","href":"https:\/\/api.w.org\/{rel}","templated":true}]}}